{"id":1157,"date":"2021-08-16T20:03:28","date_gmt":"2021-08-16T18:03:28","guid":{"rendered":"https:\/\/machinek.pl\/?page_id=1157"},"modified":"2026-01-01T19:14:42","modified_gmt":"2026-01-01T18:14:42","slug":"impulsy-duchowe","status":"publish","type":"page","link":"https:\/\/machinek.pl\/?page_id=1157","title":{"rendered":"Impulsy duchowe"},"content":{"rendered":"<p><a href=\"https:\/\/www.youtube.com\/watch?v=nCMiOAo2cbk\"><strong>2025 &#8211; Jak rozezna\u0107 powo\u0142anie?<\/strong><\/a><\/p>\n<p><strong><u>2021 &#8211; Rekolekcje wielkopostne: &#8222;Trzy przeszkody na drodze do Boga&#8221; (kliknij poni\u017cej)<br \/>\n<\/u><\/strong><\/p>\n<ol>\n<li><a href=\"https:\/\/www.youtube.com\/watch?v=1tTwk24c_m0&amp;t=3s\">Wprowadzenie<\/a><\/li>\n<li><a href=\"https:\/\/www.youtube.com\/watch?v=fOujyEViO0k&amp;t=93s\">Nieumiarkowanie<\/a><\/li>\n<li><a href=\"https:\/\/www.youtube.com\/watch?v=1n4IoxaHBbE&amp;t=179s\">Zazdro\u015b\u0107<\/a><\/li>\n<li><a href=\"https:\/\/www.youtube.com\/watch?v=XyNJYYUMMJ0&amp;t=4s\">Pycha<\/a><\/li>\n<\/ol>\n<p><strong><u>2020 &#8211; Rekolekcje wielkopostne:\u00a0 &#8222;Rekolekcje na czas powietrza&#8221;<\/u><\/strong><\/p>\n<ol>\n<li><a href=\"https:\/\/www.youtube.com\/watch?v=DA6UGjGg8lU&amp;t=168s\">Wst\u0119p<\/a><\/li>\n<li><a href=\"https:\/\/www.youtube.com\/watch?v=5pk7o5jOtVM&amp;t=67s\">Zniewolenie<\/a><\/li>\n<li><a href=\"https:\/\/www.youtube.com\/watch?v=6qy5dYDYalM&amp;t=66s\">Nawr\u00f3cenie<\/a><\/li>\n<li><a href=\"https:\/\/www.youtube.com\/watch?v=uNhSiMi3rSQ\">Nowe \u017cycie<\/a><\/li>\n<\/ol>\n<p><strong><u>2019 \u2013 Kazanie na G\u00f3rze (Mt 5-7)<\/u><\/strong><\/p>\n<ol>\n<li><a href=\"https:\/\/www.youtube.com\/watch?v=t964n9dofMA\">Wprowadzenie (Mt 5, 1-2)<\/a><\/li>\n<li><a href=\"https:\/\/www.youtube.com\/watch?v=MpXr6mktpxQ&amp;t=32s\">Osiem b\u0142ogos\u0142awie\u0144stw (Mt 5, 1-12<\/a>)<\/li>\n<li><a href=\"https:\/\/www.youtube.com\/watch?v=__0cex7DxfM&amp;t=4s\">Zadanie uczni\u00f3w (Mt 5, 13-16)<\/a><\/li>\n<li><a href=\"https:\/\/www.youtube.com\/watch?v=ZDZiSEE6h40&amp;t=52s\">Jezus wobec Tory (Mt 5, 17-20)<\/a><\/li>\n<li><a href=\"https:\/\/www.youtube.com\/watch?v=EqRSOdSLRKQ\">Sze\u015b\u0107 antytez (Mt 5, 21-48)<\/a><\/li>\n<li><a href=\"https:\/\/www.youtube.com\/watch?v=5RWR7HbhOKs&amp;t=286s\">Regu\u0142y pobo\u017cno\u015bci (Mt 6, 1-18)<\/a><\/li>\n<li><a href=\"https:\/\/www.youtube.com\/watch?v=-fpihI4X1GY\">Ojcze nasz (Mt 6, 7-15)<\/a><\/li>\n<li><a href=\"https:\/\/www.youtube.com\/watch?v=kbj1OGD4DJg\">Prawdziwy skarb (Mt 6, 19-24)<\/a><\/li>\n<li><a href=\"https:\/\/www.youtube.com\/watch?v=AcFwKD48XcU\">Zb\u0119dne troski (Mt 6, 25-34)<\/a><\/li>\n<li><a href=\"https:\/\/www.youtube.com\/watch?v=zJ4wKYoJZ24&amp;t=363s\">Pow\u015bci\u0105gliwo\u015b\u0107 w s\u0105dzeniu (Mt 7, 1-6)<\/a><\/li>\n<li><a href=\"https:\/\/www.youtube.com\/watch?v=rW09EvnDTvE\">Wytrwa\u0142o\u015b\u0107 w modlitwie (Mt 7, 7-11)<\/a><\/li>\n<li><a href=\"https:\/\/www.youtube.com\/watch?v=bNYxyKVxABg\">Z\u0142ota zasada (Mt 7,12)<\/a><\/li>\n<li><a href=\"https:\/\/www.youtube.com\/watch?v=sHr9IhLdoLQ\">Ciasna brama (Mt 7, 13-14)<\/a><\/li>\n<li><a href=\"https:\/\/www.youtube.com\/watch?v=rF6NnzqsUjA\">Ostrze\u017cenie przed fa\u0142szywymi prorokami (Mt 7, 15-20)<\/a><\/li>\n<li><a href=\"https:\/\/www.youtube.com\/watch?v=PHL9VA63gL0&amp;t=8s\">\u0141udzenie siebie (Mt 7, 21-23)<\/a><\/li>\n<li><a href=\"https:\/\/www.youtube.com\/watch?v=DmM9I2SnTn4&amp;t=4s\">Dobra lub z\u0142a budowa (Mt 7, 24-27)<\/a><\/li>\n<li><a href=\"https:\/\/www.youtube.com\/watch?v=4FdYoE0cqYM&amp;t=20s\">Zako\u0144czenie (Mt 7, 28-8,1)<\/a><\/li>\n<\/ol>\n","protected":false},"excerpt":{"rendered":"<p>2025 &#8211; Jak rozezna\u0107 powo\u0142anie? 2021 &#8211; Rekolekcje wielkopostne: &#8222;Trzy przeszkody na drodze do Boga&#8221; (kliknij poni\u017cej) Wprowadzenie Nieumiarkowanie Zazdro\u015b\u0107 Pycha 2020 &#8211; Rekolekcje wielkopostne:\u00a0 &#8222;Rekolekcje na czas powietrza&#8221; Wst\u0119p Zniewolenie Nawr\u00f3cenie Nowe \u017cycie 2019 \u2013 Kazanie na G\u00f3rze (Mt 5-7) Wprowadzenie (Mt 5, 1-2) Osiem b\u0142ogos\u0142awie\u0144stw (Mt 5, 1-12) Zadanie uczni\u00f3w (Mt 5, 13-16) &hellip; <\/p>\n<p class=\"link-more\"><a href=\"https:\/\/machinek.pl\/?page_id=1157\" class=\"more-link\">Czytaj dalej<span class=\"screen-reader-text\"> \u201eImpulsy duchowe\u201d<\/span><\/a><\/p>\n","protected":false},"author":2,"featured_media":0,"parent":0,"menu_order":0,"comment_status":"closed","ping_status":"closed","template":"","meta":{"footnotes":""},"class_list":["post-1157","page","type-page","status-publish","hentry"],"_links":{"self":[{"href":"https:\/\/machinek.pl\/index.php?rest_route=\/wp\/v2\/pages\/1157","targetHints":{"allow":["GET"]}}],"collection":[{"href":"https:\/\/machinek.pl\/index.php?rest_route=\/wp\/v2\/pages"}],"about":[{"href":"https:\/\/machinek.pl\/index.php?rest_route=\/wp\/v2\/types\/page"}],"author":[{"embeddable":true,"href":"https:\/\/machinek.pl\/index.php?rest_route=\/wp\/v2\/users\/2"}],"replies":[{"embeddable":true,"href":"https:\/\/machinek.pl\/index.php?rest_route=%2Fwp%2Fv2%2Fcomments&post=1157"}],"version-history":[{"count":10,"href":"https:\/\/machinek.pl\/index.php?rest_route=\/wp\/v2\/pages\/1157\/revisions"}],"predecessor-version":[{"id":2044,"href":"https:\/\/machinek.pl\/index.php?rest_route=\/wp\/v2\/pages\/1157\/revisions\/2044"}],"wp:attachment":[{"href":"https:\/\/machinek.pl\/index.php?rest_route=%2Fwp%2Fv2%2Fmedia&parent=1157"}],"curies":[{"name":"wp","href":"https:\/\/api.w.org\/{rel}","templated":true}]}}