{"id":1352,"date":"2023-10-11T20:56:55","date_gmt":"2023-10-11T18:56:55","guid":{"rendered":"https:\/\/machinek.pl\/?page_id=1352"},"modified":"2025-07-30T11:30:02","modified_gmt":"2025-07-30T09:30:02","slug":"2023-camino-ingles-muxia-finisterra","status":"publish","type":"page","link":"https:\/\/machinek.pl\/?page_id=1352","title":{"rendered":"2023 Camino Ingles + Muxia\/Finisterra"},"content":{"rendered":"\n<p>To chyba w og\u00f3le najkr\u00f3tsze mo\u017cliwe Camino. Z Ferrol do Santiago to cztery dni drogi (ok. 120 km) i dalsze 120 km przez Muxi\u0119 do Fistery. Ciekawa trasa w czteroosobowej grupie: Ma\u0142gosia, Ilona Tomek i ja. Pogoda &#8211; og\u00f3lnie pomy\u015blna, ale te\u017c kilka epizod\u00f3w deszczowych.<\/p>\n\n\n\n<figure class=\"wp-block-gallery has-nested-images columns-default is-cropped wp-block-gallery-1 is-layout-flex wp-block-gallery-is-layout-flex\">\n<figure class=\"wp-block-image size-large\"><img loading=\"lazy\" decoding=\"async\" width=\"768\" height=\"1024\" data-id=\"1348\" src=\"https:\/\/machinek.pl\/wp-content\/uploads\/2023\/10\/IMG-20230718-WA0019-768x1024.jpg\" alt=\"\" class=\"wp-image-1348\" srcset=\"https:\/\/machinek.pl\/wp-content\/uploads\/2023\/10\/IMG-20230718-WA0019-768x1024.jpg 768w, https:\/\/machinek.pl\/wp-content\/uploads\/2023\/10\/IMG-20230718-WA0019-225x300.jpg 225w, https:\/\/machinek.pl\/wp-content\/uploads\/2023\/10\/IMG-20230718-WA0019-1152x1536.jpg 1152w, https:\/\/machinek.pl\/wp-content\/uploads\/2023\/10\/IMG-20230718-WA0019.jpg 1536w\" sizes=\"auto, (max-width: 767px) 89vw, (max-width: 1000px) 54vw, (max-width: 1071px) 543px, 580px\" \/><\/figure>\n\n\n\n<figure class=\"wp-block-image size-large\"><img loading=\"lazy\" decoding=\"async\" width=\"512\" height=\"682\" data-id=\"1347\" src=\"https:\/\/machinek.pl\/wp-content\/uploads\/2023\/10\/1000012783.jpg\" alt=\"\" class=\"wp-image-1347\" srcset=\"https:\/\/machinek.pl\/wp-content\/uploads\/2023\/10\/1000012783.jpg 512w, https:\/\/machinek.pl\/wp-content\/uploads\/2023\/10\/1000012783-225x300.jpg 225w\" sizes=\"auto, (max-width: 512px) 100vw, 512px\" \/><\/figure>\n\n\n\n<figure class=\"wp-block-image size-large\"><img loading=\"lazy\" decoding=\"async\" width=\"768\" height=\"1024\" data-id=\"1346\" src=\"https:\/\/machinek.pl\/wp-content\/uploads\/2023\/10\/1000013061.jpg\" alt=\"\" class=\"wp-image-1346\" srcset=\"https:\/\/machinek.pl\/wp-content\/uploads\/2023\/10\/1000013061.jpg 768w, https:\/\/machinek.pl\/wp-content\/uploads\/2023\/10\/1000013061-225x300.jpg 225w\" sizes=\"auto, (max-width: 767px) 89vw, (max-width: 1000px) 54vw, (max-width: 1071px) 543px, 580px\" \/><\/figure>\n\n\n\n<figure class=\"wp-block-image size-large\"><img loading=\"lazy\" decoding=\"async\" width=\"1024\" height=\"1024\" data-id=\"1345\" src=\"https:\/\/machinek.pl\/wp-content\/uploads\/2023\/10\/IMG20230723104512-1024x1024.jpg\" alt=\"\" class=\"wp-image-1345\" srcset=\"https:\/\/machinek.pl\/wp-content\/uploads\/2023\/10\/IMG20230723104512-1024x1024.jpg 1024w, https:\/\/machinek.pl\/wp-content\/uploads\/2023\/10\/IMG20230723104512-300x300.jpg 300w, https:\/\/machinek.pl\/wp-content\/uploads\/2023\/10\/IMG20230723104512-150x150.jpg 150w, https:\/\/machinek.pl\/wp-content\/uploads\/2023\/10\/IMG20230723104512-768x768.jpg 768w, https:\/\/machinek.pl\/wp-content\/uploads\/2023\/10\/IMG20230723104512-1536x1536.jpg 1536w, https:\/\/machinek.pl\/wp-content\/uploads\/2023\/10\/IMG20230723104512-2048x2048.jpg 2048w, https:\/\/machinek.pl\/wp-content\/uploads\/2023\/10\/IMG20230723104512-100x100.jpg 100w\" sizes=\"auto, (max-width: 767px) 89vw, (max-width: 1000px) 54vw, (max-width: 1071px) 543px, 580px\" \/><\/figure>\n\n\n\n<figure class=\"wp-block-image size-large\"><img loading=\"lazy\" decoding=\"async\" width=\"1024\" height=\"1024\" data-id=\"1344\" src=\"https:\/\/machinek.pl\/wp-content\/uploads\/2023\/10\/IMG20230722163843-1024x1024.jpg\" alt=\"\" class=\"wp-image-1344\" srcset=\"https:\/\/machinek.pl\/wp-content\/uploads\/2023\/10\/IMG20230722163843-1024x1024.jpg 1024w, https:\/\/machinek.pl\/wp-content\/uploads\/2023\/10\/IMG20230722163843-300x300.jpg 300w, https:\/\/machinek.pl\/wp-content\/uploads\/2023\/10\/IMG20230722163843-150x150.jpg 150w, https:\/\/machinek.pl\/wp-content\/uploads\/2023\/10\/IMG20230722163843-768x768.jpg 768w, https:\/\/machinek.pl\/wp-content\/uploads\/2023\/10\/IMG20230722163843-1536x1536.jpg 1536w, https:\/\/machinek.pl\/wp-content\/uploads\/2023\/10\/IMG20230722163843-2048x2048.jpg 2048w, https:\/\/machinek.pl\/wp-content\/uploads\/2023\/10\/IMG20230722163843-100x100.jpg 100w\" sizes=\"auto, (max-width: 767px) 89vw, (max-width: 1000px) 54vw, (max-width: 1071px) 543px, 580px\" \/><\/figure>\n\n\n\n<figure class=\"wp-block-image size-large\"><img loading=\"lazy\" decoding=\"async\" width=\"1024\" height=\"1024\" data-id=\"1340\" src=\"https:\/\/machinek.pl\/wp-content\/uploads\/2023\/10\/IMG20230714095715-1024x1024.jpg\" alt=\"\" class=\"wp-image-1340\" srcset=\"https:\/\/machinek.pl\/wp-content\/uploads\/2023\/10\/IMG20230714095715-1024x1024.jpg 1024w, https:\/\/machinek.pl\/wp-content\/uploads\/2023\/10\/IMG20230714095715-300x300.jpg 300w, https:\/\/machinek.pl\/wp-content\/uploads\/2023\/10\/IMG20230714095715-150x150.jpg 150w, https:\/\/machinek.pl\/wp-content\/uploads\/2023\/10\/IMG20230714095715-768x768.jpg 768w, https:\/\/machinek.pl\/wp-content\/uploads\/2023\/10\/IMG20230714095715-1536x1536.jpg 1536w, https:\/\/machinek.pl\/wp-content\/uploads\/2023\/10\/IMG20230714095715-2048x2048.jpg 2048w, https:\/\/machinek.pl\/wp-content\/uploads\/2023\/10\/IMG20230714095715-100x100.jpg 100w\" sizes=\"auto, (max-width: 767px) 89vw, (max-width: 1000px) 54vw, (max-width: 1071px) 543px, 580px\" \/><\/figure>\n\n\n\n<figure class=\"wp-block-image size-large\"><img loading=\"lazy\" decoding=\"async\" width=\"1024\" height=\"1024\" data-id=\"1341\" src=\"https:\/\/machinek.pl\/wp-content\/uploads\/2023\/10\/IMG20230716104749-1024x1024.jpg\" alt=\"\" class=\"wp-image-1341\" srcset=\"https:\/\/machinek.pl\/wp-content\/uploads\/2023\/10\/IMG20230716104749-1024x1024.jpg 1024w, https:\/\/machinek.pl\/wp-content\/uploads\/2023\/10\/IMG20230716104749-300x300.jpg 300w, https:\/\/machinek.pl\/wp-content\/uploads\/2023\/10\/IMG20230716104749-150x150.jpg 150w, https:\/\/machinek.pl\/wp-content\/uploads\/2023\/10\/IMG20230716104749-768x768.jpg 768w, https:\/\/machinek.pl\/wp-content\/uploads\/2023\/10\/IMG20230716104749-1536x1536.jpg 1536w, https:\/\/machinek.pl\/wp-content\/uploads\/2023\/10\/IMG20230716104749-2048x2048.jpg 2048w, https:\/\/machinek.pl\/wp-content\/uploads\/2023\/10\/IMG20230716104749-100x100.jpg 100w\" sizes=\"auto, (max-width: 767px) 89vw, (max-width: 1000px) 54vw, (max-width: 1071px) 543px, 580px\" \/><\/figure>\n\n\n\n<figure class=\"wp-block-image size-large\"><img loading=\"lazy\" decoding=\"async\" width=\"1024\" height=\"1024\" data-id=\"1342\" src=\"https:\/\/machinek.pl\/wp-content\/uploads\/2023\/10\/IMG20230718065449-1024x1024.jpg\" alt=\"\" class=\"wp-image-1342\" srcset=\"https:\/\/machinek.pl\/wp-content\/uploads\/2023\/10\/IMG20230718065449-1024x1024.jpg 1024w, https:\/\/machinek.pl\/wp-content\/uploads\/2023\/10\/IMG20230718065449-300x300.jpg 300w, https:\/\/machinek.pl\/wp-content\/uploads\/2023\/10\/IMG20230718065449-150x150.jpg 150w, https:\/\/machinek.pl\/wp-content\/uploads\/2023\/10\/IMG20230718065449-768x768.jpg 768w, https:\/\/machinek.pl\/wp-content\/uploads\/2023\/10\/IMG20230718065449-1536x1536.jpg 1536w, https:\/\/machinek.pl\/wp-content\/uploads\/2023\/10\/IMG20230718065449-2048x2048.jpg 2048w, https:\/\/machinek.pl\/wp-content\/uploads\/2023\/10\/IMG20230718065449-100x100.jpg 100w\" sizes=\"auto, (max-width: 767px) 89vw, (max-width: 1000px) 54vw, (max-width: 1071px) 543px, 580px\" \/><\/figure>\n\n\n\n<figure class=\"wp-block-image size-large\"><img loading=\"lazy\" decoding=\"async\" width=\"1024\" height=\"1024\" data-id=\"1343\" src=\"https:\/\/machinek.pl\/wp-content\/uploads\/2023\/10\/trashed-1693210317-IMG20230722194629-1024x1024.jpg\" alt=\"\" class=\"wp-image-1343\" srcset=\"https:\/\/machinek.pl\/wp-content\/uploads\/2023\/10\/trashed-1693210317-IMG20230722194629-1024x1024.jpg 1024w, https:\/\/machinek.pl\/wp-content\/uploads\/2023\/10\/trashed-1693210317-IMG20230722194629-300x300.jpg 300w, https:\/\/machinek.pl\/wp-content\/uploads\/2023\/10\/trashed-1693210317-IMG20230722194629-150x150.jpg 150w, https:\/\/machinek.pl\/wp-content\/uploads\/2023\/10\/trashed-1693210317-IMG20230722194629-768x768.jpg 768w, https:\/\/machinek.pl\/wp-content\/uploads\/2023\/10\/trashed-1693210317-IMG20230722194629-1536x1536.jpg 1536w, https:\/\/machinek.pl\/wp-content\/uploads\/2023\/10\/trashed-1693210317-IMG20230722194629-2048x2048.jpg 2048w, https:\/\/machinek.pl\/wp-content\/uploads\/2023\/10\/trashed-1693210317-IMG20230722194629-100x100.jpg 100w\" sizes=\"auto, (max-width: 767px) 89vw, (max-width: 1000px) 54vw, (max-width: 1071px) 543px, 580px\" \/><\/figure>\n\n\n\n<figure class=\"wp-block-image size-large\"><img loading=\"lazy\" decoding=\"async\" width=\"1024\" height=\"1024\" data-id=\"1357\" src=\"https:\/\/machinek.pl\/wp-content\/uploads\/2023\/10\/IMG20230715180331-1024x1024.jpg\" alt=\"\" class=\"wp-image-1357\" srcset=\"https:\/\/machinek.pl\/wp-content\/uploads\/2023\/10\/IMG20230715180331-1024x1024.jpg 1024w, https:\/\/machinek.pl\/wp-content\/uploads\/2023\/10\/IMG20230715180331-300x300.jpg 300w, https:\/\/machinek.pl\/wp-content\/uploads\/2023\/10\/IMG20230715180331-150x150.jpg 150w, https:\/\/machinek.pl\/wp-content\/uploads\/2023\/10\/IMG20230715180331-768x768.jpg 768w, https:\/\/machinek.pl\/wp-content\/uploads\/2023\/10\/IMG20230715180331-1536x1536.jpg 1536w, https:\/\/machinek.pl\/wp-content\/uploads\/2023\/10\/IMG20230715180331-2048x2048.jpg 2048w, https:\/\/machinek.pl\/wp-content\/uploads\/2023\/10\/IMG20230715180331-100x100.jpg 100w\" sizes=\"auto, (max-width: 767px) 89vw, (max-width: 1000px) 54vw, (max-width: 1071px) 543px, 580px\" \/><\/figure>\n<\/figure>\n","protected":false},"excerpt":{"rendered":"<p>To chyba w og\u00f3le najkr\u00f3tsze mo\u017cliwe Camino. Z Ferrol do Santiago to cztery dni drogi (ok. 120 km) i dalsze 120 km przez Muxi\u0119 do Fistery. Ciekawa trasa w czteroosobowej grupie: Ma\u0142gosia, Ilona Tomek i ja. Pogoda &#8211; og\u00f3lnie pomy\u015blna, ale te\u017c kilka epizod\u00f3w deszczowych.<\/p>\n","protected":false},"author":2,"featured_media":1345,"parent":0,"menu_order":0,"comment_status":"closed","ping_status":"closed","template":"","meta":{"footnotes":""},"class_list":["post-1352","page","type-page","status-publish","has-post-thumbnail","hentry"],"_links":{"self":[{"href":"https:\/\/machinek.pl\/index.php?rest_route=\/wp\/v2\/pages\/1352","targetHints":{"allow":["GET"]}}],"collection":[{"href":"https:\/\/machinek.pl\/index.php?rest_route=\/wp\/v2\/pages"}],"about":[{"href":"https:\/\/machinek.pl\/index.php?rest_route=\/wp\/v2\/types\/page"}],"author":[{"embeddable":true,"href":"https:\/\/machinek.pl\/index.php?rest_route=\/wp\/v2\/users\/2"}],"replies":[{"embeddable":true,"href":"https:\/\/machinek.pl\/index.php?rest_route=%2Fwp%2Fv2%2Fcomments&post=1352"}],"version-history":[{"count":4,"href":"https:\/\/machinek.pl\/index.php?rest_route=\/wp\/v2\/pages\/1352\/revisions"}],"predecessor-version":[{"id":1812,"href":"https:\/\/machinek.pl\/index.php?rest_route=\/wp\/v2\/pages\/1352\/revisions\/1812"}],"wp:featuredmedia":[{"embeddable":true,"href":"https:\/\/machinek.pl\/index.php?rest_route=\/wp\/v2\/media\/1345"}],"wp:attachment":[{"href":"https:\/\/machinek.pl\/index.php?rest_route=%2Fwp%2Fv2%2Fmedia&parent=1352"}],"curies":[{"name":"wp","href":"https:\/\/api.w.org\/{rel}","templated":true}]}}