{"id":1787,"date":"2025-07-29T11:30:55","date_gmt":"2025-07-29T09:30:55","guid":{"rendered":"https:\/\/machinek.pl\/?page_id=1787"},"modified":"2025-07-30T11:27:17","modified_gmt":"2025-07-30T09:27:17","slug":"camino-2025","status":"publish","type":"page","link":"https:\/\/machinek.pl\/?page_id=1787","title":{"rendered":"Camino 2025"},"content":{"rendered":"\n<p>Znowu pi\u0119kne do\u015bwiadczenie&#8230;. Nieco wymagaj\u0105ce, bo od mojego pierwszego Camino min\u0119\u0142o ju\u017c osiemna\u015bcie lat, ale niezmiennie poci\u0105gaj\u0105ce i przemieniaj\u0105ce. Dwana\u015bcie dni marszu: dwa pierwsze dni na Camino Frances z Astorgi do Ponferrady, a potem &#8211; Camino Invierno. Razem &#8211; ok. 320 km. Szlak mocno wiejski i ma\u0142o ucz\u0119szczany (takie przynajmniej mieli\u015bmy wra\u017cenie). Wiele bar\u00f3w i sklep\u00f3w wspomnianych w przewodniku zamkni\u0119tych lub ju\u017c nie istniej\u0105cych. Klimaty troch\u0119 &#8222;beskidzkie&#8221; &#8211; nieco przewy\u017csze\u0144. Pogoda pocz\u0105tkowo gor\u0105ca, ale potem bywa\u0142y te\u017c mgliste dni z temperatur\u0105 ok. 25 stopni C. W tych ogromnych przestrzeniach, wschodach s\u0142o\u0144ca i pejza\u017cach &#8211; bardzo urokliwy szlak&#8230;. Szed\u0142em po raz kolejny z Ilon\u0105 oraz z Przemkiem &#8211; obydwoje z Bartoszyc.<\/p>\n\n\n\n<figure class=\"wp-block-gallery has-nested-images columns-default is-cropped wp-block-gallery-1 is-layout-flex wp-block-gallery-is-layout-flex\">\n<figure class=\"wp-block-image size-large\"><img loading=\"lazy\" decoding=\"async\" width=\"1024\" height=\"768\" data-id=\"1797\" src=\"https:\/\/machinek.pl\/wp-content\/uploads\/2025\/07\/IMG_20250714_092145-1024x768.jpg\" alt=\"\" class=\"wp-image-1797\" srcset=\"https:\/\/machinek.pl\/wp-content\/uploads\/2025\/07\/IMG_20250714_092145-1024x768.jpg 1024w, https:\/\/machinek.pl\/wp-content\/uploads\/2025\/07\/IMG_20250714_092145-300x225.jpg 300w, https:\/\/machinek.pl\/wp-content\/uploads\/2025\/07\/IMG_20250714_092145-768x576.jpg 768w, https:\/\/machinek.pl\/wp-content\/uploads\/2025\/07\/IMG_20250714_092145-1536x1152.jpg 1536w, https:\/\/machinek.pl\/wp-content\/uploads\/2025\/07\/IMG_20250714_092145-2048x1536.jpg 2048w\" sizes=\"auto, (max-width: 767px) 89vw, (max-width: 1000px) 54vw, (max-width: 1071px) 543px, 580px\" \/><\/figure>\n\n\n\n<figure class=\"wp-block-image size-large\"><img loading=\"lazy\" decoding=\"async\" width=\"1024\" height=\"768\" data-id=\"1796\" src=\"https:\/\/machinek.pl\/wp-content\/uploads\/2025\/07\/IMG_20250715_073827-1024x768.jpg\" alt=\"\" class=\"wp-image-1796\" srcset=\"https:\/\/machinek.pl\/wp-content\/uploads\/2025\/07\/IMG_20250715_073827-1024x768.jpg 1024w, https:\/\/machinek.pl\/wp-content\/uploads\/2025\/07\/IMG_20250715_073827-300x225.jpg 300w, https:\/\/machinek.pl\/wp-content\/uploads\/2025\/07\/IMG_20250715_073827-768x576.jpg 768w, https:\/\/machinek.pl\/wp-content\/uploads\/2025\/07\/IMG_20250715_073827-1536x1152.jpg 1536w, https:\/\/machinek.pl\/wp-content\/uploads\/2025\/07\/IMG_20250715_073827-2048x1536.jpg 2048w\" sizes=\"auto, (max-width: 767px) 89vw, (max-width: 1000px) 54vw, (max-width: 1071px) 543px, 580px\" \/><\/figure>\n\n\n\n<figure class=\"wp-block-image size-large\"><img loading=\"lazy\" decoding=\"async\" width=\"1024\" height=\"768\" data-id=\"1795\" src=\"https:\/\/machinek.pl\/wp-content\/uploads\/2025\/07\/IMG_20250713_094111-1024x768.jpg\" alt=\"\" class=\"wp-image-1795\" srcset=\"https:\/\/machinek.pl\/wp-content\/uploads\/2025\/07\/IMG_20250713_094111-1024x768.jpg 1024w, https:\/\/machinek.pl\/wp-content\/uploads\/2025\/07\/IMG_20250713_094111-300x225.jpg 300w, https:\/\/machinek.pl\/wp-content\/uploads\/2025\/07\/IMG_20250713_094111-768x576.jpg 768w, https:\/\/machinek.pl\/wp-content\/uploads\/2025\/07\/IMG_20250713_094111-1536x1152.jpg 1536w, https:\/\/machinek.pl\/wp-content\/uploads\/2025\/07\/IMG_20250713_094111-2048x1536.jpg 2048w\" sizes=\"auto, (max-width: 767px) 89vw, (max-width: 1000px) 54vw, (max-width: 1071px) 543px, 580px\" \/><\/figure>\n\n\n\n<figure class=\"wp-block-image size-large\"><img loading=\"lazy\" decoding=\"async\" width=\"1024\" height=\"768\" data-id=\"1794\" src=\"https:\/\/machinek.pl\/wp-content\/uploads\/2025\/07\/IMG_20250714_131435-1024x768.jpg\" alt=\"\" class=\"wp-image-1794\" srcset=\"https:\/\/machinek.pl\/wp-content\/uploads\/2025\/07\/IMG_20250714_131435-1024x768.jpg 1024w, https:\/\/machinek.pl\/wp-content\/uploads\/2025\/07\/IMG_20250714_131435-300x225.jpg 300w, https:\/\/machinek.pl\/wp-content\/uploads\/2025\/07\/IMG_20250714_131435-768x576.jpg 768w, https:\/\/machinek.pl\/wp-content\/uploads\/2025\/07\/IMG_20250714_131435-1536x1152.jpg 1536w, https:\/\/machinek.pl\/wp-content\/uploads\/2025\/07\/IMG_20250714_131435-2048x1536.jpg 2048w\" sizes=\"auto, (max-width: 767px) 89vw, (max-width: 1000px) 54vw, (max-width: 1071px) 543px, 580px\" \/><\/figure>\n\n\n\n<figure class=\"wp-block-image size-large\"><img loading=\"lazy\" decoding=\"async\" width=\"1024\" height=\"768\" data-id=\"1793\" src=\"https:\/\/machinek.pl\/wp-content\/uploads\/2025\/07\/IMG_20250715_072951-1024x768.jpg\" alt=\"\" class=\"wp-image-1793\" srcset=\"https:\/\/machinek.pl\/wp-content\/uploads\/2025\/07\/IMG_20250715_072951-1024x768.jpg 1024w, https:\/\/machinek.pl\/wp-content\/uploads\/2025\/07\/IMG_20250715_072951-300x225.jpg 300w, https:\/\/machinek.pl\/wp-content\/uploads\/2025\/07\/IMG_20250715_072951-768x576.jpg 768w, https:\/\/machinek.pl\/wp-content\/uploads\/2025\/07\/IMG_20250715_072951-1536x1152.jpg 1536w, https:\/\/machinek.pl\/wp-content\/uploads\/2025\/07\/IMG_20250715_072951-2048x1536.jpg 2048w\" sizes=\"auto, (max-width: 767px) 89vw, (max-width: 1000px) 54vw, (max-width: 1071px) 543px, 580px\" \/><\/figure>\n\n\n\n<figure class=\"wp-block-image size-large\"><img loading=\"lazy\" decoding=\"async\" width=\"1024\" height=\"768\" data-id=\"1798\" src=\"https:\/\/machinek.pl\/wp-content\/uploads\/2025\/07\/IMG_20250719_115458-1024x768.jpg\" alt=\"\" class=\"wp-image-1798\" srcset=\"https:\/\/machinek.pl\/wp-content\/uploads\/2025\/07\/IMG_20250719_115458-1024x768.jpg 1024w, https:\/\/machinek.pl\/wp-content\/uploads\/2025\/07\/IMG_20250719_115458-300x225.jpg 300w, https:\/\/machinek.pl\/wp-content\/uploads\/2025\/07\/IMG_20250719_115458-768x576.jpg 768w, https:\/\/machinek.pl\/wp-content\/uploads\/2025\/07\/IMG_20250719_115458-1536x1152.jpg 1536w, https:\/\/machinek.pl\/wp-content\/uploads\/2025\/07\/IMG_20250719_115458-2048x1536.jpg 2048w\" sizes=\"auto, (max-width: 767px) 89vw, (max-width: 1000px) 54vw, (max-width: 1071px) 543px, 580px\" \/><\/figure>\n\n\n\n<figure class=\"wp-block-image size-large\"><img loading=\"lazy\" decoding=\"async\" width=\"1024\" height=\"768\" data-id=\"1792\" src=\"https:\/\/machinek.pl\/wp-content\/uploads\/2025\/07\/IMG_20250712_093809-1024x768.jpg\" alt=\"\" class=\"wp-image-1792\" srcset=\"https:\/\/machinek.pl\/wp-content\/uploads\/2025\/07\/IMG_20250712_093809-1024x768.jpg 1024w, https:\/\/machinek.pl\/wp-content\/uploads\/2025\/07\/IMG_20250712_093809-300x225.jpg 300w, https:\/\/machinek.pl\/wp-content\/uploads\/2025\/07\/IMG_20250712_093809-768x576.jpg 768w, https:\/\/machinek.pl\/wp-content\/uploads\/2025\/07\/IMG_20250712_093809-1536x1152.jpg 1536w, https:\/\/machinek.pl\/wp-content\/uploads\/2025\/07\/IMG_20250712_093809-2048x1536.jpg 2048w\" sizes=\"auto, (max-width: 767px) 89vw, (max-width: 1000px) 54vw, (max-width: 1071px) 543px, 580px\" \/><\/figure>\n\n\n\n<figure class=\"wp-block-image size-large\"><img loading=\"lazy\" decoding=\"async\" width=\"1024\" height=\"768\" data-id=\"1791\" src=\"https:\/\/machinek.pl\/wp-content\/uploads\/2025\/07\/IMG_20250710_092840-1024x768.jpg\" alt=\"\" class=\"wp-image-1791\" srcset=\"https:\/\/machinek.pl\/wp-content\/uploads\/2025\/07\/IMG_20250710_092840-1024x768.jpg 1024w, https:\/\/machinek.pl\/wp-content\/uploads\/2025\/07\/IMG_20250710_092840-300x225.jpg 300w, https:\/\/machinek.pl\/wp-content\/uploads\/2025\/07\/IMG_20250710_092840-768x576.jpg 768w, https:\/\/machinek.pl\/wp-content\/uploads\/2025\/07\/IMG_20250710_092840-1536x1152.jpg 1536w, https:\/\/machinek.pl\/wp-content\/uploads\/2025\/07\/IMG_20250710_092840-2048x1536.jpg 2048w\" sizes=\"auto, (max-width: 767px) 89vw, (max-width: 1000px) 54vw, (max-width: 1071px) 543px, 580px\" \/><\/figure>\n\n\n\n<figure class=\"wp-block-image size-large\"><img loading=\"lazy\" decoding=\"async\" width=\"1024\" height=\"768\" data-id=\"1790\" src=\"https:\/\/machinek.pl\/wp-content\/uploads\/2025\/07\/IMG_20250717_115207-1024x768.jpg\" alt=\"\" class=\"wp-image-1790\" srcset=\"https:\/\/machinek.pl\/wp-content\/uploads\/2025\/07\/IMG_20250717_115207-1024x768.jpg 1024w, https:\/\/machinek.pl\/wp-content\/uploads\/2025\/07\/IMG_20250717_115207-300x225.jpg 300w, https:\/\/machinek.pl\/wp-content\/uploads\/2025\/07\/IMG_20250717_115207-768x576.jpg 768w, https:\/\/machinek.pl\/wp-content\/uploads\/2025\/07\/IMG_20250717_115207-1536x1152.jpg 1536w, https:\/\/machinek.pl\/wp-content\/uploads\/2025\/07\/IMG_20250717_115207-2048x1536.jpg 2048w\" sizes=\"auto, (max-width: 767px) 89vw, (max-width: 1000px) 54vw, (max-width: 1071px) 543px, 580px\" \/><\/figure>\n\n\n\n<figure class=\"wp-block-image size-large\"><img loading=\"lazy\" decoding=\"async\" width=\"1024\" height=\"768\" data-id=\"1789\" src=\"https:\/\/machinek.pl\/wp-content\/uploads\/2025\/07\/IMG_20250710_122218-1024x768.jpg\" alt=\"\" class=\"wp-image-1789\" srcset=\"https:\/\/machinek.pl\/wp-content\/uploads\/2025\/07\/IMG_20250710_122218-1024x768.jpg 1024w, https:\/\/machinek.pl\/wp-content\/uploads\/2025\/07\/IMG_20250710_122218-300x225.jpg 300w, https:\/\/machinek.pl\/wp-content\/uploads\/2025\/07\/IMG_20250710_122218-768x576.jpg 768w, https:\/\/machinek.pl\/wp-content\/uploads\/2025\/07\/IMG_20250710_122218-1536x1152.jpg 1536w, https:\/\/machinek.pl\/wp-content\/uploads\/2025\/07\/IMG_20250710_122218-2048x1536.jpg 2048w\" sizes=\"auto, (max-width: 767px) 89vw, (max-width: 1000px) 54vw, (max-width: 1071px) 543px, 580px\" \/><\/figure>\n\n\n\n<figure class=\"wp-block-image size-large\"><img loading=\"lazy\" decoding=\"async\" width=\"1024\" height=\"768\" data-id=\"1788\" src=\"https:\/\/machinek.pl\/wp-content\/uploads\/2025\/07\/IMG_20250708_110153-1024x768.jpg\" alt=\"\" class=\"wp-image-1788\" srcset=\"https:\/\/machinek.pl\/wp-content\/uploads\/2025\/07\/IMG_20250708_110153-1024x768.jpg 1024w, https:\/\/machinek.pl\/wp-content\/uploads\/2025\/07\/IMG_20250708_110153-300x225.jpg 300w, https:\/\/machinek.pl\/wp-content\/uploads\/2025\/07\/IMG_20250708_110153-768x576.jpg 768w, https:\/\/machinek.pl\/wp-content\/uploads\/2025\/07\/IMG_20250708_110153-1536x1152.jpg 1536w, https:\/\/machinek.pl\/wp-content\/uploads\/2025\/07\/IMG_20250708_110153-2048x1536.jpg 2048w\" sizes=\"auto, (max-width: 767px) 89vw, (max-width: 1000px) 54vw, (max-width: 1071px) 543px, 580px\" \/><\/figure>\n<\/figure>\n","protected":false},"excerpt":{"rendered":"<p>Znowu pi\u0119kne do\u015bwiadczenie&#8230;. Nieco wymagaj\u0105ce, bo od mojego pierwszego Camino min\u0119\u0142o ju\u017c osiemna\u015bcie lat, ale niezmiennie poci\u0105gaj\u0105ce i przemieniaj\u0105ce. Dwana\u015bcie dni marszu: dwa pierwsze dni na Camino Frances z Astorgi do Ponferrady, a potem &#8211; Camino Invierno. Razem &#8211; ok. 320 km. Szlak mocno wiejski i ma\u0142o ucz\u0119szczany (takie przynajmniej mieli\u015bmy wra\u017cenie). Wiele bar\u00f3w i &hellip; <\/p>\n<p class=\"link-more\"><a href=\"https:\/\/machinek.pl\/?page_id=1787\" class=\"more-link\">Czytaj dalej<span class=\"screen-reader-text\"> \u201eCamino 2025\u201d<\/span><\/a><\/p>\n","protected":false},"author":2,"featured_media":1791,"parent":0,"menu_order":0,"comment_status":"closed","ping_status":"closed","template":"","meta":{"footnotes":""},"class_list":["post-1787","page","type-page","status-publish","has-post-thumbnail","hentry"],"_links":{"self":[{"href":"https:\/\/machinek.pl\/index.php?rest_route=\/wp\/v2\/pages\/1787","targetHints":{"allow":["GET"]}}],"collection":[{"href":"https:\/\/machinek.pl\/index.php?rest_route=\/wp\/v2\/pages"}],"about":[{"href":"https:\/\/machinek.pl\/index.php?rest_route=\/wp\/v2\/types\/page"}],"author":[{"embeddable":true,"href":"https:\/\/machinek.pl\/index.php?rest_route=\/wp\/v2\/users\/2"}],"replies":[{"embeddable":true,"href":"https:\/\/machinek.pl\/index.php?rest_route=%2Fwp%2Fv2%2Fcomments&post=1787"}],"version-history":[{"count":2,"href":"https:\/\/machinek.pl\/index.php?rest_route=\/wp\/v2\/pages\/1787\/revisions"}],"predecessor-version":[{"id":1809,"href":"https:\/\/machinek.pl\/index.php?rest_route=\/wp\/v2\/pages\/1787\/revisions\/1809"}],"wp:featuredmedia":[{"embeddable":true,"href":"https:\/\/machinek.pl\/index.php?rest_route=\/wp\/v2\/media\/1791"}],"wp:attachment":[{"href":"https:\/\/machinek.pl\/index.php?rest_route=%2Fwp%2Fv2%2Fmedia&parent=1787"}],"curies":[{"name":"wp","href":"https:\/\/api.w.org\/{rel}","templated":true}]}}