{"id":511,"date":"2020-10-02T19:48:42","date_gmt":"2020-10-02T17:48:42","guid":{"rendered":"http:\/\/machinek.pl\/?page_id=511"},"modified":"2020-10-02T19:51:14","modified_gmt":"2020-10-02T17:51:14","slug":"2020-ustrzyki-gorne-2","status":"publish","type":"page","link":"https:\/\/machinek.pl\/?page_id=511","title":{"rendered":"2020 Ustrzyki G\u00f3rne"},"content":{"rendered":"\n<p>Z racji pandemii koronawirusa nie by\u0142a to tym razem Maj\u00f3wka, ale &#8222;Wrze\u015bni\u00f3wka&#8221;. Ale r\u00f3wnie wspaniale si\u0119 uda\u0142a. Poza jednym deszczowym dniem dniem, mieli\u015bmy cudn\u0105 pogod\u0119 i z\u0142azili\u015bmy g\u0142\u00f3wne bieszczadzkie trasy: Tarnica, Halicz, Po\u0142onin\u0119 Wetli\u0144sk\u0105, Po\u0142onin\u0119 Cary\u0144sk\u0105, Bukowe Berdo i Szeroki Wierch. A w deszczowy dzie\u0144 odwiedzili\u015bmy Koma\u0144cz\u0119 i w drodze powrotnej &#8211; Siekierezad\u0119.<\/p>\n\n\n<style>#jtg-428 .modula-item .jtg-social a, .lightbox-socials.jtg-social a{ color: #ffffff }#jtg-428 .modula-item .jtg-social svg, .lightbox-socials.jtg-social svg { height: 16px; width: 16px }#jtg-428 .modula-item .jtg-social a:not(:last-child), .lightbox-socials.jtg-social a:not(:last-child) { margin-right: 10px }#jtg-428 .modula-item .figc {color:#ffffff;}#jtg-428 .modula-item .modula-item-content { transform: scale(1) }#jtg-428 { width:100%;}#jtg-428 .modula-items{height:800px;}#jtg-428 .modula-items .figc p.description { font-size:14px; }#jtg-428 .modula-items .figc p.description { color:#ffffff;}#jtg-428.modula-gallery .modula-item > a, #jtg-428.modula-gallery .modula-item, #jtg-428.modula-gallery .modula-item-content > a { cursor:zoom-in; } @media screen and (max-width:480px){#jtg-428 .modula-item .figc .jtg-title {  font-size: 12px; }#jtg-428 .modula-items .figc p.description { color:#ffffff;font-size:10px; }}<\/style>\n<!-- Gallery Container -->\n<div  id=\"jtg-428\" class=\"modula modula-gallery modula-creative-gallery\" data-config=\"{&quot;height&quot;:800,&quot;enableTwitter&quot;:false,&quot;enableWhatsapp&quot;:false,&quot;enableFacebook&quot;:false,&quot;enablePinterest&quot;:false,&quot;enableLinkedin&quot;:false,&quot;enableEmail&quot;:false,&quot;randomFactor&quot;:0.5,&quot;type&quot;:&quot;creative-gallery&quot;,&quot;columns&quot;:12,&quot;gutter&quot;:10,&quot;mobileGutter&quot;:10,&quot;tabletGutter&quot;:10,&quot;desktopGutter&quot;:10,&quot;enableResponsive&quot;:&quot;0&quot;,&quot;tabletColumns&quot;:&quot;2&quot;,&quot;mobileColumns&quot;:&quot;1&quot;,&quot;lazyLoad&quot;:&quot;0&quot;,&quot;lightboxOpts&quot;:{&quot;loop&quot;:false,&quot;arrows&quot;:true,&quot;toolbar&quot;:true,&quot;keyboard&quot;:false,&quot;wheel&quot;:false,&quot;buttons&quot;:[&quot;close&quot;],&quot;hash&quot;:false,&quot;lang&quot;:&quot;en&quot;,&quot;touch&quot;:false,&quot;protect&quot;:false,&quot;i18n&quot;:{&quot;en&quot;:{&quot;CLOSE&quot;:&quot;Close&quot;,&quot;NEXT&quot;:&quot;Next&quot;,&quot;PREV&quot;:&quot;Previous&quot;,&quot;Error&quot;:&quot;The requested content cannot be loaded. Please try again later.&quot;,&quot;PLAY_START&quot;:&quot;Start slideshow&quot;,&quot;PLAY_STOP&quot;:&quot;Pause slideshow&quot;,&quot;FULL_SCREEN&quot;:&quot;Full screen&quot;,&quot;THUMBS&quot;:&quot;Thumbnails&quot;,&quot;DOWNLOAD&quot;:&quot;Download&quot;,&quot;SHARE&quot;:&quot;Share&quot;,&quot;ZOOM&quot;:&quot;Zoom&quot;}},&quot;clickSlide&quot;:false,&quot;clickOutside&quot;:false,&quot;dblclickContent&quot;:false,&quot;dblclickSlide&quot;:false,&quot;dblclickOutside&quot;:false,&quot;clickContent&quot;:false,&quot;baseTpl&quot;:&quot;&lt;div class=\\&quot;modula-fancybox-container modula-lightbox-jtg-428\\&quot; role=\\&quot;dialog\\&quot; tabindex=\\&quot;-1\\&quot;&gt;&lt;div class=\\&quot;modula-fancybox-bg\\&quot;&gt;&lt;\\\/div&gt;&lt;div class=\\&quot;modula-fancybox-inner\\&quot;&gt;&lt;div class=\\&quot;modula-fancybox-infobar\\&quot;&gt;&lt;span data-fancybox-index&gt;&lt;\\\/span&gt;&nbsp;\\\/&nbsp;&lt;span data-fancybox-count&gt;&lt;\\\/span&gt;&lt;\\\/div&gt;&lt;div class=\\&quot;modula-fancybox-toolbar\\&quot;&gt;{{buttons}}&lt;\\\/div&gt;&lt;div class=\\&quot;modula-fancybox-navigation\\&quot;&gt;{{arrows}}&lt;\\\/div&gt;&lt;div class=\\&quot;modula-fancybox-stage\\&quot;&gt;&lt;\\\/div&gt;&lt;div class=\\&quot;modula-fancybox-caption\\&quot;&gt;&lt;div class=\\&quot;modula-fancybox-caption__body\\&quot;&gt;&lt;\\\/div&gt;&lt;\\\/div&gt;&lt;\\\/div&gt;&lt;\\\/div&gt;&quot;},&quot;inView&quot;:false,&quot;email_subject&quot;:&quot;Check out this awesome image !!&quot;,&quot;email_message&quot;:&quot;Here is the link to the image : %%image_link%% and this is the link to the gallery : %%gallery_link%%&quot;,&quot;lightbox&quot;:&quot;fancybox&quot;}\">\n\n\t\n\t<!-- Items Container -->\n\t<div  class=\"modula-items\">\n\t\t<div class=\"modula-item effect-pufrobo\" >\n\t<div class=\"modula-item-overlay\"><\/div>\n\n\t<div class=\"modula-item-content\">\n\n\t\t\t\t\n\t\t\t\t\t<a data-image-id=\"429\" href=\"https:\/\/machinek.pl\/wp-content\/uploads\/2020\/09\/20200831_125113-scaled.jpg\" rel=\"jtg-428\" data-caption=\"\" class=\"tile-inner modula-item-link\"><\/a>\n\t\t\n\t\t<img loading=\"lazy\" decoding=\"async\" class=\"pic\"  data-valign=\"middle\" data-halign=\"center\" alt=\"\" data-full=\"http:\/\/machinek.pl\/wp-content\/uploads\/2020\/09\/20200831_125113.jpg\" title=\"20200831_125113\" width=\"300\" height=\"225\" src=\"https:\/\/machinek.pl\/wp-content\/uploads\/2020\/09\/20200831_125113-300x225.jpg\" data-src=\"https:\/\/machinek.pl\/wp-content\/uploads\/2020\/09\/20200831_125113-300x225.jpg\" data-caption=\"\"srcset=\"https:\/\/machinek.pl\/wp-content\/uploads\/2020\/09\/20200831_125113-scaled-300x225.jpg 300w, https:\/\/machinek.pl\/wp-content\/uploads\/2020\/09\/20200831_125113-1024x768.jpg 1024w, https:\/\/machinek.pl\/wp-content\/uploads\/2020\/09\/20200831_125113-768x576.jpg 768w, https:\/\/machinek.pl\/wp-content\/uploads\/2020\/09\/20200831_125113-1536x1152.jpg 1536w, https:\/\/machinek.pl\/wp-content\/uploads\/2020\/09\/20200831_125113-2048x1536.jpg 2048w\" sizes=\"auto, (max-width: 300px) 100vw, 300px\"\" \/>\n\t\t<div class=\"figc no-description\">\n\t\t\t<div class=\"figc-inner\">\n\t\t\t\t\t\t\t\t\t\t\t\t\t\t\t<\/div>\n\t\t<\/div>\n\n\t<\/div>\n\n<\/div><div class=\"modula-item effect-pufrobo\" >\n\t<div class=\"modula-item-overlay\"><\/div>\n\n\t<div class=\"modula-item-content\">\n\n\t\t\t\t\n\t\t\t\t\t<a data-image-id=\"430\" href=\"https:\/\/machinek.pl\/wp-content\/uploads\/2020\/09\/20200831_143239-scaled.jpg\" rel=\"jtg-428\" data-caption=\"\" class=\"tile-inner modula-item-link\"><\/a>\n\t\t\n\t\t<img loading=\"lazy\" decoding=\"async\" class=\"pic\"  data-valign=\"middle\" data-halign=\"center\" alt=\"\" data-full=\"http:\/\/machinek.pl\/wp-content\/uploads\/2020\/09\/20200831_143239.jpg\" title=\"20200831_143239\" width=\"300\" height=\"225\" src=\"https:\/\/machinek.pl\/wp-content\/uploads\/2020\/09\/20200831_143239-300x225.jpg\" data-src=\"https:\/\/machinek.pl\/wp-content\/uploads\/2020\/09\/20200831_143239-300x225.jpg\" data-caption=\"\"srcset=\"https:\/\/machinek.pl\/wp-content\/uploads\/2020\/09\/20200831_143239-scaled-300x225.jpg 300w, https:\/\/machinek.pl\/wp-content\/uploads\/2020\/09\/20200831_143239-1024x768.jpg 1024w, https:\/\/machinek.pl\/wp-content\/uploads\/2020\/09\/20200831_143239-768x576.jpg 768w, https:\/\/machinek.pl\/wp-content\/uploads\/2020\/09\/20200831_143239-1536x1152.jpg 1536w, https:\/\/machinek.pl\/wp-content\/uploads\/2020\/09\/20200831_143239-2048x1536.jpg 2048w\" sizes=\"auto, (max-width: 300px) 100vw, 300px\"\" \/>\n\t\t<div class=\"figc no-description\">\n\t\t\t<div class=\"figc-inner\">\n\t\t\t\t\t\t\t\t\t\t\t\t\t\t\t<\/div>\n\t\t<\/div>\n\n\t<\/div>\n\n<\/div><div class=\"modula-item effect-pufrobo\" >\n\t<div class=\"modula-item-overlay\"><\/div>\n\n\t<div class=\"modula-item-content\">\n\n\t\t\t\t\n\t\t\t\t\t<a data-image-id=\"431\" href=\"https:\/\/machinek.pl\/wp-content\/uploads\/2020\/09\/20200831_143304-scaled.jpg\" rel=\"jtg-428\" data-caption=\"\" class=\"tile-inner modula-item-link\"><\/a>\n\t\t\n\t\t<img loading=\"lazy\" decoding=\"async\" class=\"pic\"  data-valign=\"middle\" data-halign=\"center\" alt=\"\" data-full=\"http:\/\/machinek.pl\/wp-content\/uploads\/2020\/09\/20200831_143304.jpg\" title=\"20200831_143304\" width=\"300\" height=\"225\" src=\"https:\/\/machinek.pl\/wp-content\/uploads\/2020\/09\/20200831_143304-300x225.jpg\" data-src=\"https:\/\/machinek.pl\/wp-content\/uploads\/2020\/09\/20200831_143304-300x225.jpg\" data-caption=\"\"srcset=\"https:\/\/machinek.pl\/wp-content\/uploads\/2020\/09\/20200831_143304-scaled-300x225.jpg 300w, https:\/\/machinek.pl\/wp-content\/uploads\/2020\/09\/20200831_143304-1024x768.jpg 1024w, https:\/\/machinek.pl\/wp-content\/uploads\/2020\/09\/20200831_143304-768x576.jpg 768w, https:\/\/machinek.pl\/wp-content\/uploads\/2020\/09\/20200831_143304-1536x1152.jpg 1536w, https:\/\/machinek.pl\/wp-content\/uploads\/2020\/09\/20200831_143304-2048x1536.jpg 2048w\" sizes=\"auto, (max-width: 300px) 100vw, 300px\"\" \/>\n\t\t<div class=\"figc no-description\">\n\t\t\t<div class=\"figc-inner\">\n\t\t\t\t\t\t\t\t\t\t\t\t\t\t\t<\/div>\n\t\t<\/div>\n\n\t<\/div>\n\n<\/div><div class=\"modula-item effect-pufrobo\" >\n\t<div class=\"modula-item-overlay\"><\/div>\n\n\t<div class=\"modula-item-content\">\n\n\t\t\t\t\n\t\t\t\t\t<a data-image-id=\"432\" href=\"https:\/\/machinek.pl\/wp-content\/uploads\/2020\/09\/20200902_104145-scaled.jpg\" rel=\"jtg-428\" data-caption=\"\" class=\"tile-inner modula-item-link\"><\/a>\n\t\t\n\t\t<img loading=\"lazy\" decoding=\"async\" class=\"pic\"  data-valign=\"middle\" data-halign=\"center\" alt=\"\" data-full=\"http:\/\/machinek.pl\/wp-content\/uploads\/2020\/09\/20200902_104145.jpg\" title=\"20200902_104145\" width=\"300\" height=\"225\" src=\"https:\/\/machinek.pl\/wp-content\/uploads\/2020\/09\/20200902_104145-300x225.jpg\" data-src=\"https:\/\/machinek.pl\/wp-content\/uploads\/2020\/09\/20200902_104145-300x225.jpg\" data-caption=\"\"srcset=\"https:\/\/machinek.pl\/wp-content\/uploads\/2020\/09\/20200902_104145-scaled-300x225.jpg 300w, https:\/\/machinek.pl\/wp-content\/uploads\/2020\/09\/20200902_104145-1024x768.jpg 1024w, https:\/\/machinek.pl\/wp-content\/uploads\/2020\/09\/20200902_104145-768x576.jpg 768w, https:\/\/machinek.pl\/wp-content\/uploads\/2020\/09\/20200902_104145-1536x1152.jpg 1536w, https:\/\/machinek.pl\/wp-content\/uploads\/2020\/09\/20200902_104145-2048x1536.jpg 2048w\" sizes=\"auto, (max-width: 300px) 100vw, 300px\"\" \/>\n\t\t<div class=\"figc no-description\">\n\t\t\t<div class=\"figc-inner\">\n\t\t\t\t\t\t\t\t\t\t\t\t\t\t\t<\/div>\n\t\t<\/div>\n\n\t<\/div>\n\n<\/div><div class=\"modula-item effect-pufrobo\" >\n\t<div class=\"modula-item-overlay\"><\/div>\n\n\t<div class=\"modula-item-content\">\n\n\t\t\t\t\n\t\t\t\t\t<a data-image-id=\"433\" href=\"https:\/\/machinek.pl\/wp-content\/uploads\/2020\/09\/20200903_132620-scaled.jpg\" rel=\"jtg-428\" data-caption=\"\" class=\"tile-inner modula-item-link\"><\/a>\n\t\t\n\t\t<img loading=\"lazy\" decoding=\"async\" class=\"pic\"  data-valign=\"middle\" data-halign=\"center\" alt=\"\" data-full=\"http:\/\/machinek.pl\/wp-content\/uploads\/2020\/09\/20200903_132620.jpg\" title=\"20200903_132620\" width=\"300\" height=\"225\" src=\"https:\/\/machinek.pl\/wp-content\/uploads\/2020\/09\/20200903_132620-300x225.jpg\" data-src=\"https:\/\/machinek.pl\/wp-content\/uploads\/2020\/09\/20200903_132620-300x225.jpg\" data-caption=\"\"srcset=\"https:\/\/machinek.pl\/wp-content\/uploads\/2020\/09\/20200903_132620-scaled-300x225.jpg 300w, https:\/\/machinek.pl\/wp-content\/uploads\/2020\/09\/20200903_132620-1024x768.jpg 1024w, https:\/\/machinek.pl\/wp-content\/uploads\/2020\/09\/20200903_132620-768x576.jpg 768w, https:\/\/machinek.pl\/wp-content\/uploads\/2020\/09\/20200903_132620-1536x1152.jpg 1536w, https:\/\/machinek.pl\/wp-content\/uploads\/2020\/09\/20200903_132620-2048x1536.jpg 2048w\" sizes=\"auto, (max-width: 300px) 100vw, 300px\"\" \/>\n\t\t<div class=\"figc no-description\">\n\t\t\t<div class=\"figc-inner\">\n\t\t\t\t\t\t\t\t\t\t\t\t\t\t\t<\/div>\n\t\t<\/div>\n\n\t<\/div>\n\n<\/div><div class=\"modula-item effect-pufrobo\" >\n\t<div class=\"modula-item-overlay\"><\/div>\n\n\t<div class=\"modula-item-content\">\n\n\t\t\t\t\n\t\t\t\t\t<a data-image-id=\"434\" href=\"https:\/\/machinek.pl\/wp-content\/uploads\/2020\/09\/20200903_163111-scaled.jpg\" rel=\"jtg-428\" data-caption=\"\" class=\"tile-inner modula-item-link\"><\/a>\n\t\t\n\t\t<img loading=\"lazy\" decoding=\"async\" class=\"pic\"  data-valign=\"middle\" data-halign=\"center\" alt=\"\" data-full=\"http:\/\/machinek.pl\/wp-content\/uploads\/2020\/09\/20200903_163111.jpg\" title=\"20200903_163111\" width=\"300\" height=\"225\" src=\"https:\/\/machinek.pl\/wp-content\/uploads\/2020\/09\/20200903_163111-300x225.jpg\" data-src=\"https:\/\/machinek.pl\/wp-content\/uploads\/2020\/09\/20200903_163111-300x225.jpg\" data-caption=\"\"srcset=\"https:\/\/machinek.pl\/wp-content\/uploads\/2020\/09\/20200903_163111-scaled-300x225.jpg 300w, https:\/\/machinek.pl\/wp-content\/uploads\/2020\/09\/20200903_163111-1024x768.jpg 1024w, https:\/\/machinek.pl\/wp-content\/uploads\/2020\/09\/20200903_163111-768x576.jpg 768w, https:\/\/machinek.pl\/wp-content\/uploads\/2020\/09\/20200903_163111-1536x1152.jpg 1536w, https:\/\/machinek.pl\/wp-content\/uploads\/2020\/09\/20200903_163111-2048x1536.jpg 2048w\" sizes=\"auto, (max-width: 300px) 100vw, 300px\"\" \/>\n\t\t<div class=\"figc no-description\">\n\t\t\t<div class=\"figc-inner\">\n\t\t\t\t\t\t\t\t\t\t\t\t\t\t\t<\/div>\n\t\t<\/div>\n\n\t<\/div>\n\n<\/div><div class=\"modula-item effect-pufrobo\" >\n\t<div class=\"modula-item-overlay\"><\/div>\n\n\t<div class=\"modula-item-content\">\n\n\t\t\t\t\n\t\t\t\t\t<a data-image-id=\"435\" href=\"https:\/\/machinek.pl\/wp-content\/uploads\/2020\/09\/20200904_113659-scaled.jpg\" rel=\"jtg-428\" data-caption=\"\" class=\"tile-inner modula-item-link\"><\/a>\n\t\t\n\t\t<img loading=\"lazy\" decoding=\"async\" class=\"pic\"  data-valign=\"middle\" data-halign=\"center\" alt=\"\" data-full=\"http:\/\/machinek.pl\/wp-content\/uploads\/2020\/09\/20200904_113659.jpg\" title=\"20200904_113659\" width=\"300\" height=\"225\" src=\"https:\/\/machinek.pl\/wp-content\/uploads\/2020\/09\/20200904_113659-300x225.jpg\" data-src=\"https:\/\/machinek.pl\/wp-content\/uploads\/2020\/09\/20200904_113659-300x225.jpg\" data-caption=\"\"srcset=\"https:\/\/machinek.pl\/wp-content\/uploads\/2020\/09\/20200904_113659-scaled-300x225.jpg 300w, https:\/\/machinek.pl\/wp-content\/uploads\/2020\/09\/20200904_113659-1024x768.jpg 1024w, https:\/\/machinek.pl\/wp-content\/uploads\/2020\/09\/20200904_113659-768x576.jpg 768w, https:\/\/machinek.pl\/wp-content\/uploads\/2020\/09\/20200904_113659-1536x1152.jpg 1536w, https:\/\/machinek.pl\/wp-content\/uploads\/2020\/09\/20200904_113659-2048x1536.jpg 2048w\" sizes=\"auto, (max-width: 300px) 100vw, 300px\"\" \/>\n\t\t<div class=\"figc no-description\">\n\t\t\t<div class=\"figc-inner\">\n\t\t\t\t\t\t\t\t\t\t\t\t\t\t\t<\/div>\n\t\t<\/div>\n\n\t<\/div>\n\n<\/div><div class=\"modula-item effect-pufrobo\" >\n\t<div class=\"modula-item-overlay\"><\/div>\n\n\t<div class=\"modula-item-content\">\n\n\t\t\t\t\n\t\t\t\t\t<a data-image-id=\"436\" href=\"https:\/\/machinek.pl\/wp-content\/uploads\/2020\/09\/20200904_123343-scaled.jpg\" rel=\"jtg-428\" data-caption=\"\" class=\"tile-inner modula-item-link\"><\/a>\n\t\t\n\t\t<img loading=\"lazy\" decoding=\"async\" class=\"pic\"  data-valign=\"middle\" data-halign=\"center\" alt=\"\" data-full=\"http:\/\/machinek.pl\/wp-content\/uploads\/2020\/09\/20200904_123343.jpg\" title=\"20200904_123343\" width=\"300\" height=\"225\" src=\"https:\/\/machinek.pl\/wp-content\/uploads\/2020\/09\/20200904_123343-300x225.jpg\" data-src=\"https:\/\/machinek.pl\/wp-content\/uploads\/2020\/09\/20200904_123343-300x225.jpg\" data-caption=\"\"srcset=\"https:\/\/machinek.pl\/wp-content\/uploads\/2020\/09\/20200904_123343-scaled-300x225.jpg 300w, https:\/\/machinek.pl\/wp-content\/uploads\/2020\/09\/20200904_123343-1024x768.jpg 1024w, https:\/\/machinek.pl\/wp-content\/uploads\/2020\/09\/20200904_123343-768x576.jpg 768w, https:\/\/machinek.pl\/wp-content\/uploads\/2020\/09\/20200904_123343-1536x1152.jpg 1536w, https:\/\/machinek.pl\/wp-content\/uploads\/2020\/09\/20200904_123343-2048x1536.jpg 2048w\" sizes=\"auto, (max-width: 300px) 100vw, 300px\"\" \/>\n\t\t<div class=\"figc no-description\">\n\t\t\t<div class=\"figc-inner\">\n\t\t\t\t\t\t\t\t\t\t\t\t\t\t\t<\/div>\n\t\t<\/div>\n\n\t<\/div>\n\n<\/div><div class=\"modula-item effect-pufrobo\" >\n\t<div class=\"modula-item-overlay\"><\/div>\n\n\t<div class=\"modula-item-content\">\n\n\t\t\t\t\n\t\t\t\t\t<a data-image-id=\"437\" href=\"https:\/\/machinek.pl\/wp-content\/uploads\/2020\/09\/20200904_130908-1-scaled.jpg\" rel=\"jtg-428\" data-caption=\"\" class=\"tile-inner modula-item-link\"><\/a>\n\t\t\n\t\t<img loading=\"lazy\" decoding=\"async\" class=\"pic\"  data-valign=\"middle\" data-halign=\"center\" alt=\"\" data-full=\"http:\/\/machinek.pl\/wp-content\/uploads\/2020\/09\/20200904_130908-1.jpg\" title=\"20200904_130908\" width=\"300\" height=\"225\" src=\"https:\/\/machinek.pl\/wp-content\/uploads\/2020\/09\/20200904_130908-1-300x225.jpg\" data-src=\"https:\/\/machinek.pl\/wp-content\/uploads\/2020\/09\/20200904_130908-1-300x225.jpg\" data-caption=\"\"srcset=\"https:\/\/machinek.pl\/wp-content\/uploads\/2020\/09\/20200904_130908-1-scaled-300x225.jpg 300w, https:\/\/machinek.pl\/wp-content\/uploads\/2020\/09\/20200904_130908-1-1024x768.jpg 1024w, https:\/\/machinek.pl\/wp-content\/uploads\/2020\/09\/20200904_130908-1-768x576.jpg 768w, https:\/\/machinek.pl\/wp-content\/uploads\/2020\/09\/20200904_130908-1-1536x1152.jpg 1536w, https:\/\/machinek.pl\/wp-content\/uploads\/2020\/09\/20200904_130908-1-2048x1536.jpg 2048w\" sizes=\"auto, (max-width: 300px) 100vw, 300px\"\" \/>\n\t\t<div class=\"figc no-description\">\n\t\t\t<div class=\"figc-inner\">\n\t\t\t\t\t\t\t\t\t\t\t\t\t\t\t<\/div>\n\t\t<\/div>\n\n\t<\/div>\n\n<\/div><div class=\"modula-item effect-pufrobo\" >\n\t<div class=\"modula-item-overlay\"><\/div>\n\n\t<div class=\"modula-item-content\">\n\n\t\t\t\t\n\t\t\t\t\t<a data-image-id=\"438\" href=\"https:\/\/machinek.pl\/wp-content\/uploads\/2020\/09\/20200904_131939-scaled.jpg\" rel=\"jtg-428\" data-caption=\"\" class=\"tile-inner modula-item-link\"><\/a>\n\t\t\n\t\t<img loading=\"lazy\" decoding=\"async\" class=\"pic\"  data-valign=\"middle\" data-halign=\"center\" alt=\"\" data-full=\"http:\/\/machinek.pl\/wp-content\/uploads\/2020\/09\/20200904_131939.jpg\" title=\"20200904_131939\" width=\"300\" height=\"225\" src=\"https:\/\/machinek.pl\/wp-content\/uploads\/2020\/09\/20200904_131939-300x225.jpg\" data-src=\"https:\/\/machinek.pl\/wp-content\/uploads\/2020\/09\/20200904_131939-300x225.jpg\" data-caption=\"\"srcset=\"https:\/\/machinek.pl\/wp-content\/uploads\/2020\/09\/20200904_131939-scaled-300x225.jpg 300w, https:\/\/machinek.pl\/wp-content\/uploads\/2020\/09\/20200904_131939-1024x768.jpg 1024w, https:\/\/machinek.pl\/wp-content\/uploads\/2020\/09\/20200904_131939-768x576.jpg 768w, https:\/\/machinek.pl\/wp-content\/uploads\/2020\/09\/20200904_131939-1536x1152.jpg 1536w, https:\/\/machinek.pl\/wp-content\/uploads\/2020\/09\/20200904_131939-2048x1536.jpg 2048w\" sizes=\"auto, (max-width: 300px) 100vw, 300px\"\" \/>\n\t\t<div class=\"figc no-description\">\n\t\t\t<div class=\"figc-inner\">\n\t\t\t\t\t\t\t\t\t\t\t\t\t\t\t<\/div>\n\t\t<\/div>\n\n\t<\/div>\n\n<\/div>\t\t\n\t<\/div>\n\n\t\n\t\n\t<script type=\"application\/ld+json\">\n\t{\n\t\t\"@context\": \"http:\/\/schema.org\",\n\t\t\"@type\"   : \"ImageGallery\",\n\t\t\"id\"      : \"https:\/\/machinek.pl\",\n\t\t\"url\"     : \"https:\/\/machinek.pl\"\n\t}\n\n    <\/script>\n\n\t\n<\/div>\n\n\n\n<p><\/p>\n","protected":false},"excerpt":{"rendered":"<p>Z racji pandemii koronawirusa nie by\u0142a to tym razem Maj\u00f3wka, ale &#8222;Wrze\u015bni\u00f3wka&#8221;. Ale r\u00f3wnie wspaniale si\u0119 uda\u0142a. Poza jednym deszczowym dniem dniem, mieli\u015bmy cudn\u0105 pogod\u0119 i z\u0142azili\u015bmy g\u0142\u00f3wne bieszczadzkie trasy: Tarnica, Halicz, Po\u0142onin\u0119 Wetli\u0144sk\u0105, Po\u0142onin\u0119 Cary\u0144sk\u0105, Bukowe Berdo i Szeroki Wierch. A w deszczowy dzie\u0144 odwiedzili\u015bmy Koma\u0144cz\u0119 i w drodze powrotnej &#8211; Siekierezad\u0119.<\/p>\n","protected":false},"author":2,"featured_media":0,"parent":0,"menu_order":0,"comment_status":"closed","ping_status":"closed","template":"","meta":{"footnotes":""},"class_list":["post-511","page","type-page","status-publish","hentry"],"_links":{"self":[{"href":"https:\/\/machinek.pl\/index.php?rest_route=\/wp\/v2\/pages\/511","targetHints":{"allow":["GET"]}}],"collection":[{"href":"https:\/\/machinek.pl\/index.php?rest_route=\/wp\/v2\/pages"}],"about":[{"href":"https:\/\/machinek.pl\/index.php?rest_route=\/wp\/v2\/types\/page"}],"author":[{"embeddable":true,"href":"https:\/\/machinek.pl\/index.php?rest_route=\/wp\/v2\/users\/2"}],"replies":[{"embeddable":true,"href":"https:\/\/machinek.pl\/index.php?rest_route=%2Fwp%2Fv2%2Fcomments&post=511"}],"version-history":[{"count":3,"href":"https:\/\/machinek.pl\/index.php?rest_route=\/wp\/v2\/pages\/511\/revisions"}],"predecessor-version":[{"id":515,"href":"https:\/\/machinek.pl\/index.php?rest_route=\/wp\/v2\/pages\/511\/revisions\/515"}],"wp:attachment":[{"href":"https:\/\/machinek.pl\/index.php?rest_route=%2Fwp%2Fv2%2Fmedia&parent=511"}],"curies":[{"name":"wp","href":"https:\/\/api.w.org\/{rel}","templated":true}]}}