{"id":558,"date":"2020-10-05T12:16:22","date_gmt":"2020-10-05T10:16:22","guid":{"rendered":"http:\/\/machinek.pl\/?page_id=558"},"modified":"2026-03-14T19:34:51","modified_gmt":"2026-03-14T18:34:51","slug":"wyklady","status":"publish","type":"page","link":"https:\/\/machinek.pl\/?page_id=558","title":{"rendered":"Wyk\u0142ady"},"content":{"rendered":"\n<p><\/p>\n\n\n\n<p><\/p>\n\n\n<p><strong>2024.11.16. Ma\u0142\u017ce\u0144ska Akademia Rozwoju &#8211; Olsztyn.<\/strong>\u00a0 Wyk\u0142ad &#8222;Dlaczego Ko\u015bci\u00f3\u0142 zagl\u0105da nam pod ko\u0142dr\u0119?&#8221;\u00a0<\/p>\n<p><iframe loading=\"lazy\" title=\"01 ks  Marian Machinek   wyk\u0142ad\" width=\"525\" height=\"295\" src=\"https:\/\/www.youtube.com\/embed\/9HjS3WEYgDw?feature=oembed\" frameborder=\"0\" allow=\"accelerometer; autoplay; clipboard-write; encrypted-media; gyroscope; picture-in-picture; web-share\" referrerpolicy=\"strict-origin-when-cross-origin\" allowfullscreen><\/iframe><\/p>\n<p><iframe loading=\"lazy\" title=\"02 ks  Marian Machinek   odpowiedzi na pytania\" width=\"525\" height=\"295\" src=\"https:\/\/www.youtube.com\/embed\/owSz9vwvYF4?feature=oembed\" frameborder=\"0\" allow=\"accelerometer; autoplay; clipboard-write; encrypted-media; gyroscope; picture-in-picture; web-share\" referrerpolicy=\"strict-origin-when-cross-origin\" allowfullscreen><\/iframe><\/p>\n<p><strong>2022. 05. 06. Warszawski Festiwal Teologiczny<\/strong>. Dyskusja panelowa\u00a0 &#8222;<a href=\"https:\/\/www.youtube.com\/watch?v=iO20ePQHZmY&amp;t=4166s\">Cz\u0142owieka zmagania o przysz\u0142o\u015b\u0107. Nauka, kultura<em>, <\/em>wiara&#8221; moja wypowied\u017a od 1:07:49<\/a><\/p>\n<p><strong>2020. 10. 17. Parafia Chrystusa Odkupiciela Cz\u0142owieka w Olsztynie.\u00a0<\/strong> <a href=\"https:\/\/www.youtube.com\/watch?v=TdvaEZuY3pk&amp;t=1381s\">&#8222;Ideologia LGBT jako wyzwanie kulturowe i etyczne&#8221;<\/a><\/p>\n<p><strong>2019. 09. 24. Uniwersytet Warmi\u0144sko-Mazurski w Olsztynie.<\/strong> Konferencja &#8222;Polonia restituta &#8211; Ekologia &#8211; solidarno\u015b\u0107 spo\u0142eczna &#8211; zr\u00f3wnowa\u017cony rozw\u00f3j&#8221;. <a href=\"https:\/\/www.youtube.com\/watch?v=TqPyRmcEpHM&amp;t=91s\">Panel nr 1 &#8211; &#8222;Koncepcja ekologii integralnej&#8221;<\/a><\/p>\n<p><strong>2017.11.20. Dobro zwyci\u0119\u017ca. R\u00f3wnie\u017c to dobro cierpliwie pokazywane w dyskusji. <\/strong><a href=\"https:\/\/radioolsztyn.pl\/ks-prof-marian-machinek-dobro-zwycieza-rowniez-to-dobro-cierpliwie-pokazywane-w-dyskusji\/01364080\">Rozmowa o tolerancji i cywilizacji \u015bmierci z G. Kasjaniukiem i T. Adamskim. Radio Olsztyn<\/a><\/p>\n<p><strong>2017. 06. 07.<\/strong> <strong>Katolicki Uniwersytet Lubelski Jana Paw\u0142a II &#8222;<\/strong><a href=\"https:\/\/www.youtube.com\/watch?v=g3yurdumlA8&amp;t=163s\">Nauczanie Ko\u015bcio\u0142a o stopniowalno\u015bci prawa i okoliczno\u015bciach \u0142agodz\u0105cych w kontek\u015bcie adhortacji <em>Amoris laetitia<\/em>\u201d<\/a><\/p>\n<p><strong>2009.04.02<\/strong>. <strong>Medycyna Praktyczna &#8211; II Sympozjum &#8222;Dylematy etyczne w praktyce lekarskiej \u2013 kiedy lekarz mo\u017ce pozwoli\u0107 choremu umrze\u0107?&#8221;<\/strong> Warszawa &#8222;<a href=\"https:\/\/www.mp.pl\/etyka\/wideo\/195952,ii-sympozjum-dylematy-etyczne-2009\">Rezygnacja z\u00a0uporczywej terapii w\u00a0\u015bwietle nauki Ko\u015bcio\u0142a<\/a>&#8222;<\/p>\n<p><strong>2005.01.25<\/strong>. <strong>Wyk\u0142ady Zamkowe &#8211; Olszty\u0144scy Uczeni, Olsztyn <\/strong><a href=\"https:\/\/www.youtube.com\/watch?v=sM_bixFtx48\">&#8222;Ja i moje cia\u0142o? Historia pewnego rozd\u017awi\u0119ku&#8221;<\/a><\/p>\n\n\n<p><\/p>\n","protected":false},"excerpt":{"rendered":"<p>2024.11.16. Ma\u0142\u017ce\u0144ska Akademia Rozwoju &#8211; Olsztyn.\u00a0 Wyk\u0142ad &#8222;Dlaczego Ko\u015bci\u00f3\u0142 zagl\u0105da nam pod ko\u0142dr\u0119?&#8221;\u00a0 2022. 05. 06. Warszawski Festiwal Teologiczny. Dyskusja panelowa\u00a0 &#8222;Cz\u0142owieka zmagania o przysz\u0142o\u015b\u0107. Nauka, kultura, wiara&#8221; moja wypowied\u017a od 1:07:49 2020. 10. 17. Parafia Chrystusa Odkupiciela Cz\u0142owieka w Olsztynie.\u00a0 &#8222;Ideologia LGBT jako wyzwanie kulturowe i etyczne&#8221; 2019. 09. 24. Uniwersytet Warmi\u0144sko-Mazurski w Olsztynie. &hellip; <\/p>\n<p class=\"link-more\"><a href=\"https:\/\/machinek.pl\/?page_id=558\" class=\"more-link\">Czytaj dalej<span class=\"screen-reader-text\"> \u201eWyk\u0142ady\u201d<\/span><\/a><\/p>\n","protected":false},"author":2,"featured_media":0,"parent":0,"menu_order":0,"comment_status":"closed","ping_status":"closed","template":"","meta":{"footnotes":""},"class_list":["post-558","page","type-page","status-publish","hentry"],"_links":{"self":[{"href":"https:\/\/machinek.pl\/index.php?rest_route=\/wp\/v2\/pages\/558","targetHints":{"allow":["GET"]}}],"collection":[{"href":"https:\/\/machinek.pl\/index.php?rest_route=\/wp\/v2\/pages"}],"about":[{"href":"https:\/\/machinek.pl\/index.php?rest_route=\/wp\/v2\/types\/page"}],"author":[{"embeddable":true,"href":"https:\/\/machinek.pl\/index.php?rest_route=\/wp\/v2\/users\/2"}],"replies":[{"embeddable":true,"href":"https:\/\/machinek.pl\/index.php?rest_route=%2Fwp%2Fv2%2Fcomments&post=558"}],"version-history":[{"count":22,"href":"https:\/\/machinek.pl\/index.php?rest_route=\/wp\/v2\/pages\/558\/revisions"}],"predecessor-version":[{"id":2081,"href":"https:\/\/machinek.pl\/index.php?rest_route=\/wp\/v2\/pages\/558\/revisions\/2081"}],"wp:attachment":[{"href":"https:\/\/machinek.pl\/index.php?rest_route=%2Fwp%2Fv2%2Fmedia&parent=558"}],"curies":[{"name":"wp","href":"https:\/\/api.w.org\/{rel}","templated":true}]}}