{"id":57,"date":"2020-07-07T11:16:35","date_gmt":"2020-07-07T09:16:35","guid":{"rendered":"http:\/\/machinek.pl\/?page_id=57"},"modified":"2025-07-29T13:02:04","modified_gmt":"2025-07-29T11:02:04","slug":"camino-de-santiago","status":"publish","type":"page","link":"https:\/\/machinek.pl\/?page_id=57","title":{"rendered":"Camino de Santiago"},"content":{"rendered":"<p>Wszystkie moje pielgrzymki odby\u0142y si\u0119 w lipcu lub na prze\u0142omie lipca i sierpnia. Nie jest to pora optymalna ze wzgl\u0119du na wysokie temperatury i zat\u0142oczenie najbardziej popularnych szlak\u00f3w. Mimo tych trudno\u015bci, pielgrzymowanie r\u00f3wnie\u017c w tym czasie ma swoj\u0105 warto\u015b\u0107. Camino doprawdy mo\u017ce zmieni\u0107 \u017cycie.\u00a0 W poni\u017cszych linkach dziel\u0119 si\u0119 kilkoma impresjami:<\/p>\n<p><a href=\"https:\/\/machinek.pl\/?page_id=757\">2007 Camino Franc\u00e9s<\/a><\/p>\n<p><a href=\"https:\/\/machinek.pl\/?page_id=963\">2010 Via de La Plata<\/a><\/p>\n<p><a href=\"https:\/\/machinek.pl\/?page_id=1029\">2015 Camino del Norte<\/a><\/p>\n<p><a href=\"https:\/\/machinek.pl\/?page_id=983\">2017 Camino Portugu\u00e9s<\/a><\/p>\n<p><a href=\"https:\/\/machinek.pl\/?page_id=1024\">2019 Camino Primitivo<\/a><\/p>\n<p><a href=\"https:\/\/machinek.pl\/?page_id=1352\">2023 Camino Ingles + Muxia\/Finisterra<\/a><\/p>\n<p><a href=\"https:\/\/machinek.pl\/?page_id=1787\">2025 Camino Invierno<\/a><\/p>\n<p>Osoby, kt\u00f3re chocia\u017c raz pielgrzymowa\u0142y do Santiago de Compostela, mo\u017cna podzieli\u0107 na trzy grupy. Do pierwszej nale\u017c\u0105 ci, kt\u00f3rych has\u0142em staje si\u0119: &#8222;Nigdy wi\u0119cej!&#8221;. Drugiej grupie przy\u015bwieca maksyma: &#8222;By\u0107 mo\u017ce jeszcze kiedy\u015b?&#8221;. Trzecia grupa to ci, dla kt\u00f3rych Camino sta\u0142o si\u0119 jak uk\u0105szenie, z kt\u00f3rego si\u0119 nigdy nie zdrowieje. Nale\u017c\u0119 do tej trzeciej grupy&#8230;\u00a0 Dlaczego? To dziwne, ale na pytanie, co tam jest szczeg\u00f3lnego, trzeba odpowiedzie\u0107 zgodnie z prawd\u0105: w\u0142a\u015bciwie nic! Camino to zm\u0119czenie &#8211; nie tylko drog\u0105, ale tak\u017ce ciasnot\u0105 w schroniskach, prymitywnymi warunkami, a czasami tak\u017ce dokuczliw\u0105 pogod\u0105. Ale te\u017c Camino to bardzo intensywne bycie sam ze sob\u0105, niepor\u00f3wnywalne z samotnym siedzeniem w swoim mieszkaniu.\u00a0<\/p>\n<p>Co ciekawe: to niesamowite prze\u017cycie swojej kondycji, dotkni\u0119cie granic swojej wytrzyma\u0142o\u015bci, a przede wszystkim &#8211; bycie wydanym na spotkanie z Bogiem bez codziennych zag\u0142uszaczy i rozpraszaczy, staje si\u0119 udzia\u0142em jedynie kogo\u015b, kto idzie przez d\u0142u\u017cszy czas. Przez pierwszy tydzie\u0144 moja \u015bwiadomo\u015b\u0107 jest jeszcze pe\u0142na ha\u0142asu, z kt\u00f3rym przyszed\u0142em. Jestem te\u017c zbyt mocno zaabsorbowany otarciami i b\u0105blami, b\u00f3lem mi\u0119\u015bni i ramion od plecaka, a tak\u017ce codziennymi troskami o nocleg i jedzenie.I kiedy po tym tygodniu zaczynam ju\u017c my\u015ble\u0107 o tym, \u017ce za kilka dni wracam do domu, niewiele si\u0119 wydarza.<\/p>\n<p>Ale je\u015bli wiem, \u017ce sp\u0119dz\u0119 jeszcze sporo czasu w drodze, wszystko si\u0119 uspokaja&#8230;\u00a0 U\u015bwiadamiam sobie, \u017ce min\u0105 kolejne dwa\/trzy tygodnie, zanim wr\u00f3c\u0119 do mojej codzienno\u015bci&#8230;. I wtedy tworzy si\u0119 we mnie dziwna ba\u0144ka czasu, jaki mam dla siebie: moje aktualne problemy, z kt\u00f3rymi przyszed\u0142em &#8211; bledn\u0105 i odchodz\u0105 w przesz\u0142o\u015b\u0107; r\u00f3wnie dalekie jest to, do czego wr\u00f3c\u0119 po pielgrzymce. I pozostaje tylko tu i teraz. Nogi ju\u017c si\u0119 przyzwyczai\u0142y i id\u0105 same &#8211; nie musz\u0119 im przeszkadza\u0107 i ich kontrolowa\u0107. A ja jestem wolny do wej\u015bcia w g\u0142\u0105b, jakiego do tej pory nie zazna\u0142em. I mam na to ca\u0142e godziny i dni. Czasami pojawiaj\u0105 si\u0119 w \u015bwiadomo\u015bci dawne rany, nierozwi\u0105zane konflikty, wyrzuty sumienia, \u017cale i oskar\u017cenia, w\u0105tpliwo\u015bci i piek\u0105ce pytania. I trzeba je \u015bcierpie\u0107 przez jaki\u015b czas. Ale je\u017celi\u00a0 ich nie wypycham do pod\u015bwiadomo\u015bci, lecz pozwalam im wybrzmie\u0107, odchodz\u0105 na zawsze, zabli\u017aniaj\u0105 si\u0119, bledn\u0105 i malej\u0105 do w\u0142a\u015bciwych dla nich rozmiar\u00f3w, zostaj\u0105 wbudowane w m\u00f3j duchowy \u017cyciorys. Ale na Camino te\u017c bardzo intensywnie dotyka mnie Ten, kt\u00f3rego \u015bwi\u0119ty Augustyn nazywa &#8222;Wn\u0119trzem mojego wn\u0119trza&#8221; (<em>Interior intimo meo<\/em>). I mam wiele czasu, by si\u0119 wadzi\u0107 i godzi\u0107 z moim Bogiem, by si\u0119 da\u0107 przekona\u0107, \u017ce jestem kochany z ca\u0142ym moim \u017cyciem, jakie dane mi by\u0142o prze\u017cy\u0107 do dzisiejszego dnia, by si\u0119 podda\u0107 Jego prowadzeniu. \u00a0<\/p>\n<p>To jest Droga, kt\u00f3ra jest rzeczywi\u015bcie szlakiem \u015awiat\u0142a&#8230;<\/p>\n\n\n<p><\/p>\n","protected":false},"excerpt":{"rendered":"<p>Wszystkie moje pielgrzymki odby\u0142y si\u0119 w lipcu lub na prze\u0142omie lipca i sierpnia. Nie jest to pora optymalna ze wzgl\u0119du na wysokie temperatury i zat\u0142oczenie najbardziej popularnych szlak\u00f3w. Mimo tych trudno\u015bci, pielgrzymowanie r\u00f3wnie\u017c w tym czasie ma swoj\u0105 warto\u015b\u0107. Camino doprawdy mo\u017ce zmieni\u0107 \u017cycie.\u00a0 W poni\u017cszych linkach dziel\u0119 si\u0119 kilkoma impresjami: 2007 Camino Franc\u00e9s 2010 &hellip; <\/p>\n<p class=\"link-more\"><a href=\"https:\/\/machinek.pl\/?page_id=57\" class=\"more-link\">Czytaj dalej<span class=\"screen-reader-text\"> \u201eCamino de Santiago\u201d<\/span><\/a><\/p>\n","protected":false},"author":2,"featured_media":0,"parent":0,"menu_order":0,"comment_status":"closed","ping_status":"closed","template":"","meta":{"footnotes":""},"class_list":["post-57","page","type-page","status-publish","hentry"],"_links":{"self":[{"href":"https:\/\/machinek.pl\/index.php?rest_route=\/wp\/v2\/pages\/57","targetHints":{"allow":["GET"]}}],"collection":[{"href":"https:\/\/machinek.pl\/index.php?rest_route=\/wp\/v2\/pages"}],"about":[{"href":"https:\/\/machinek.pl\/index.php?rest_route=\/wp\/v2\/types\/page"}],"author":[{"embeddable":true,"href":"https:\/\/machinek.pl\/index.php?rest_route=\/wp\/v2\/users\/2"}],"replies":[{"embeddable":true,"href":"https:\/\/machinek.pl\/index.php?rest_route=%2Fwp%2Fv2%2Fcomments&post=57"}],"version-history":[{"count":29,"href":"https:\/\/machinek.pl\/index.php?rest_route=\/wp\/v2\/pages\/57\/revisions"}],"predecessor-version":[{"id":1810,"href":"https:\/\/machinek.pl\/index.php?rest_route=\/wp\/v2\/pages\/57\/revisions\/1810"}],"wp:attachment":[{"href":"https:\/\/machinek.pl\/index.php?rest_route=%2Fwp%2Fv2%2Fmedia&parent=57"}],"curies":[{"name":"wp","href":"https:\/\/api.w.org\/{rel}","templated":true}]}}